{"id":127,"date":"2023-09-10T15:07:58","date_gmt":"2023-09-10T13:07:58","guid":{"rendered":"http:\/\/co-tango.com\/?page_id=127"},"modified":"2026-04-06T22:49:49","modified_gmt":"2026-04-06T20:49:49","slug":"stages-mensuels","status":"publish","type":"page","link":"http:\/\/co-tango.com\/index.php\/stages-mensuels\/","title":{"rendered":"Les Stages"},"content":{"rendered":"\n<p><em>Venez faire un tour de temps en temps, de nouvelles dates seront ajout\u00e9es, dont des \u00e9v\u00e8nements o\u00f9 je suis invit\u00e9e \u00e0 animer\u2026<\/em><\/p>\n\n\n\n<p>2026<\/p>\n\n\n\n<p><strong>\u2013 10 \/12 avril \u00e0 Grenoble <\/strong>: stage pour \u00ab&nbsp;Tango du futur.e&nbsp;\u00bb  un super festival aux valeurs f\u00e9ministes :<\/p>\n\n\n\n<p><a href=\"https:\/\/drive.google.com\/file\/d\/1iefOHhYdXxOaZpISfXV380wW5aTg5anL\/view\">https:\/\/drive.google.com\/file\/d\/1iefOHhYdXxOaZpISfXV380wW5aTg5anL\/view<\/a><\/p>\n\n\n\n<p><strong>\u2013 19 avril \u00e0 Toulouse <\/strong>: stage avec Benjamin PORQUIER et Samara HILAL :<\/p>\n\n\n\n<pre class=\"wp-block-preformatted\"><strong>*ELASTICIT\u00c9 &amp; CR\u00c9ATIVIT\u00c9*&nbsp;<\/strong> <br><strong>Stage de tango Inter\/ avanc\u00e9 :&nbsp; AXE \/ COLGADA \/ SOLTADA<\/strong><br><br><strong>14h \/ 16h&nbsp; Mon axe, ton axe, notre axe<br><\/strong>Gr\u00e2ce \u00e0 des exercices techniques et ludiques,<br>Mettre nos axes en relation et jouer avec, tout en souplesse.<br>D\u00e9mystifier la notion de connexion et explorer l'axe partag\u00e9, pr\u00e9lude \u00e0 la colgada.<br><strong><br>16h15 \/ 18h15&nbsp; La soltada, ou comment maintenir la connexion quand l'abrazo a \u00e9t\u00e9 \"rompu\"<\/strong><br>S\u2019appuyer sur l\u2019axe et la connexion pour danser les soltadas de mani\u00e8re confortable et expressive,<br>R\u00e9partir les possibilit\u00e9s au sein du couple.<br>Bien plus ancienne qu'il n'y para\u00eet, la soltada ouvre tant de possibilit\u00e9s qu'il serait dommage de s'en priver !<br>Apr\u00e8s le stage, nous irons danser \u00e0 la Dos (\u00e0 2 min en voiture ou 15 min \u00e0 pied)<br><br><strong>*Tarifs <\/strong>: 1 atelier 35 \u20ac - 2 ateliers 60 \u20ac \/ Tarif r\u00e9duit (RSA) : 50\u20ac les 2 ateliers<br><strong>*Public <\/strong>: Inter \/ avanc\u00e9. En couple de pr\u00e9f\u00e9rence.<br>Il est pr\u00e9f\u00e9rable de suivre les deux ateliers (inscription \u00e0 1 seul selon le nombre de participants)<br><strong>*LIEU &amp; INFOS<\/strong> : Espace Allegria (salle Ayo) 110 rue Achille Viadieu, 31400 Toulouse<br><strong>Infos &amp; inscriptions <\/strong>: +33 7 69 52 47 61 samarahilal@yahoo.fr Co-Tango.com<br><em><br><strong>Benjamin<\/strong> est un danseur \u00e0 la cr\u00e9ativit\u00e9 hors-pair ! Son approche est bas\u00e9e sur la connexion, les aspects biom\u00e9caniques du mouvement et une \u00e9coute active de la musique. Il met la qualit\u00e9 de la connexion au service du duo et de la musique.<br>Aux questions Traditionnel ou Nuevo ? et Milonguero ou salon ?, il r\u00e9pond tango ! \u00c0 chaque musique sa danse.<br>Apr\u00e8s avoir fait ses premiers pas \u00e0 la milonga s\u00ec de Flora Benedetti (IT), il vit \u00e0 Bruxelles depuis 2012, o\u00f9 il a continu\u00e9 de se former aupr\u00e8s d'Oliver Koch &amp; Marisa van Andel (BE) et o\u00f9 il enseigne un tango ancr\u00e9 dans le double r\u00f4le. Nous avons la chance de l\u2019accueillir \u00e0 Toulouse pour explorer son riche univers !<\/em><\/pre>\n\n\n\n<p><strong>\u2013 7 juillet \u00e0 Toulouse : Tangopostale<\/strong><\/p>\n\n\n\n<p><strong>P\u00e9dagogie posturale<\/strong> : <a href=\"https:\/\/tangopostale.com\/evenements\/pedagogie-posturale\/?event_date=2026-07-07\">https:\/\/tangopostale.com\/evenements\/pedagogie-posturale\/?event_date=2026-07-07<\/a><\/p>\n\n\n\n<p>1. <strong>Axe vertical et r\u00f4le du bassin<\/strong> \u00e0 partir de : 10h30 jusqu\u2019\u00e0 : 12h30<\/p>\n\n\n\n<p>2. <strong>Biom\u00e9canique<\/strong> dans les mouvements fondamentaux du tango \u00e0 partir de : 13h30 jusqu\u2019\u00e0 : 16h<\/p>\n\n\n\n<p>TARIFS : 40\u20ac pour un atelier, 70\u20ac pour les 2. Tarif r\u00e9duit (RSA) 50eu pour les 2.<\/p>\n\n\n\n<p>Dans la salle Os\u00e8te \u2013 6 rue du Lieutenant Colonel P\u00e9lissier Toulouse (31000)<\/p>\n\n\n\n<p><strong>\u2013  4\/5 Juillet : NEOPOSTALE<\/strong> <strong>(Tangopostale<\/strong>) &#8211; Lieu : Studio Hop 4 avenue de Rangueil, Toulouse<\/p>\n\n\n\n<p><strong>\u2726 Atelier 1 : 14h \u2013 15h15 <\/strong><\/p>\n\n\n\n<p><strong>\u2726 Atelier 2 : 15h30 \u2013 16h45<\/strong><\/p>\n\n\n\n<p>J1 &#8211;<strong>Les Fondamentaux au service de l\u2019\u00e9lasticit\u00e9 et de la connexion.<\/strong><\/p>\n\n\n\n<p><strong>-Saccadas en tout sens :<\/strong> D\u00e9bloquer l\u2019option saccada quel que soit votre r\u00f4le et rentrer dans la co-cr\u00e9ativit\u00e9 !<\/p>\n\n\n\n<p>J2 <strong>Co-Guidage : <\/strong>Le kit pour rentrer dans cet univers magique !<\/p>\n\n\n\n<p>  C\u2019est quoi le co-guidage ? Plus d\u2019infos : (http:\/\/co-tango.com\/index.php\/co-guidage-hors-role\/)<\/p>\n\n\n\n<p><strong>-Cr\u00e9ativit\u00e9 technique du duo<\/strong> : Taquiner et mettre en valeur notre partenaire !<\/p>\n\n\n\n<p><strong>\u2013 <\/strong> <strong>29\/ 30 ao\u00fbt Festival Aurora Stockolhm<\/strong> <strong>(SUEDE)<\/strong> :<\/p>\n\n\n\n<p><a href=\"https:\/\/www.neotango.org\/fr_FR\/event\/aurora-stockholm-neotango-marathon-2-2026-08-28-2026-08-31-272\/register\">https:\/\/www.neotango.org\/fr_FR\/event\/aurora-stockholm-neotango-marathon-2-2026-08-28-2026-08-31-272\/register<\/a><\/p>\n\n\n\n<p><\/p>\n","protected":false},"excerpt":{"rendered":"<p>Venez faire un tour de temps en temps, de nouvelles dates seront ajout\u00e9es, dont des \u00e9v\u00e8nements o\u00f9 je suis invit\u00e9e \u00e0 animer\u2026 2026 \u2013 10&hellip;<\/p>\n","protected":false},"author":1,"featured_media":0,"parent":0,"menu_order":0,"comment_status":"closed","ping_status":"closed","template":"","meta":{"footnotes":""},"class_list":["post-127","page","type-page","status-publish","hentry"],"_links":{"self":[{"href":"http:\/\/co-tango.com\/index.php\/wp-json\/wp\/v2\/pages\/127","targetHints":{"allow":["GET"]}}],"collection":[{"href":"http:\/\/co-tango.com\/index.php\/wp-json\/wp\/v2\/pages"}],"about":[{"href":"http:\/\/co-tango.com\/index.php\/wp-json\/wp\/v2\/types\/page"}],"author":[{"embeddable":true,"href":"http:\/\/co-tango.com\/index.php\/wp-json\/wp\/v2\/users\/1"}],"replies":[{"embeddable":true,"href":"http:\/\/co-tango.com\/index.php\/wp-json\/wp\/v2\/comments?post=127"}],"version-history":[{"count":43,"href":"http:\/\/co-tango.com\/index.php\/wp-json\/wp\/v2\/pages\/127\/revisions"}],"predecessor-version":[{"id":605,"href":"http:\/\/co-tango.com\/index.php\/wp-json\/wp\/v2\/pages\/127\/revisions\/605"}],"wp:attachment":[{"href":"http:\/\/co-tango.com\/index.php\/wp-json\/wp\/v2\/media?parent=127"}],"curies":[{"name":"wp","href":"https:\/\/api.w.org\/{rel}","templated":true}]}}