{"id":33,"date":"2023-01-10T12:27:30","date_gmt":"2023-01-10T11:27:30","guid":{"rendered":"http:\/\/co-tango.com\/?page_id=33"},"modified":"2023-10-01T01:27:44","modified_gmt":"2023-09-30T23:27:44","slug":"co-guidage-hors-role","status":"publish","type":"page","link":"http:\/\/co-tango.com\/index.php\/co-guidage-hors-role\/","title":{"rendered":"Co-Guidage \/ Hors-r\u00f4le ?"},"content":{"rendered":"\n<p><\/p>\n\n\n\n<p class=\"has-text-align-left\">  <em>Le tango \u00e9volue constamment en refl\u00e9tant les valeurs de son \u00e9poque et des personnes qui le dansent. Le co-guidage et le hors r\u00f4le sont des approches contemporaines novatrices qui transcendent les r\u00f4les traditionnels de guider et suivre. Elles d\u00e9veloppent une dynamique de collaboration, d\u2019\u00e9galit\u00e9 et d\u2019expression personnelle. Les deux partenaires sont pleinement attentifs et engag\u00e9s, \u00e0 la fois force de proposition et disponibles corporellement pour r\u00e9pondre \u00e0 l\u2019autre. On recherche une coordination parfaite des corps, l\u2019\u00e9quilibre subtil o\u00f9 chacun-e se sent cr\u00e9ateur de son propre mouvement et de la danse commune.<\/em><\/p>\n\n\n\n<p><span style=\"text-decoration: underline;\"><strong>Pourquoi le co-guidage en Tango ?<\/strong><\/span><br>La dynamique hors-r\u00f4le permet d\u2019ancrer l\u2019autonomie, d\u00e9velopper l\u2019\u00e9coute r\u00e9ciproque en enrichissant de mani\u00e8re spectaculaire le champ des possibles\u2026 En abordant le tango avec une vision non binaire des r\u00f4les \u00ab leader \/ follower \u00bb, toute une palette de nuances est possible, l\u2019exploration \u00e0 deux devient plus savoureuse encore!<\/p>\n\n\n\n<p><span style=\"text-decoration: underline;\"><strong>\u00c7a s\u2019adresse vraiment \u00e0 tout le monde ?<\/strong><\/span><br>Oui ! C\u2019est le chemin le plus rapide, efficace, respectueux et ludique que je connaisse pour partager cette danse, quel que soit le nombre d\u2019ann\u00e9es, le style pratiqu\u00e9 et les aptitudes physiques. C\u2019est un espace de rencontre et de coop\u00e9ration, o\u00f9 oser questionner ses habitudes corporelles, ses automatismes, et sa mani\u00e8re d\u2019aborder la danse \u00e0 deux.<\/p>\n\n\n\n<p><\/p>\n\n\n\n<p><span style=\"text-decoration: underline;\"><mark style=\"background-color:rgba(0, 0, 0, 0)\" class=\"has-inline-color has-vivid-red-color\"><strong>AU PROGRAMME ?<\/strong><\/mark><\/span><\/p>\n\n\n\n<p><mark style=\"background-color:rgba(0, 0, 0, 0)\" class=\"has-inline-color has-vivid-red-color\">  * <strong>LA TECHNIQUE !<\/strong><\/mark><br>Pour naviguer sans guideur ni guid\u00e9, on va s\u2019appuyer sur des bases \u00e0 la fois tr\u00e8s simples et tr\u00e8s rigoureuses. La technique du tango se red\u00e9couvre par l\u2019exploration de la m\u00e9canique \u00e0 deux (axe individuel, gestion du poids du corps, alignement des articulations, directions \u00e0 deux, \u00e9lasticit\u00e9\u2026 ). Sans jamais d\u00e9placer directement le corps de l\u2019autre, on organise pr\u00e9cis\u00e9ment son propre corps pour proposer clairement un \u00ab chemin \u00bb, une action au partenaire, comme dans un contrepoids par exemple.<\/p>\n\n\n\n<p><mark style=\"background-color:rgba(0, 0, 0, 0)\" class=\"has-inline-color has-vivid-red-color\"><strong>   * LA PRATIQUE !<\/strong><\/mark><br>Le co-guidage d\u00e9veloppe les qualit\u00e9s de disponibilit\u00e9, d\u2019engagement et de r\u00e9activit\u00e9, s\u2019adapter devient un jeu ! Les outils propos\u00e9s permettent d\u2019affiner ce qu\u2019on a vraiment envie de vivre (pr\u00e9cision, douceur, d\u00e9tente, dynamisme, cr\u00e9ativit\u00e9, prise de risque, confort, cr\u00e9ativit\u00e9\u2026) et offrent des moyens pour l\u2019ancrer dans la danse avec l\u2019autre. Ma proposition ET ta proposition se marient, et cr\u00e9ent notre danse.<\/p>\n","protected":false},"excerpt":{"rendered":"<p>Le tango \u00e9volue constamment en refl\u00e9tant les valeurs de son \u00e9poque et des personnes qui le dansent. Le co-guidage et le hors r\u00f4le sont des&hellip;<\/p>\n","protected":false},"author":1,"featured_media":0,"parent":0,"menu_order":0,"comment_status":"closed","ping_status":"closed","template":"","meta":{"footnotes":""},"class_list":["post-33","page","type-page","status-publish","hentry"],"_links":{"self":[{"href":"http:\/\/co-tango.com\/index.php\/wp-json\/wp\/v2\/pages\/33","targetHints":{"allow":["GET"]}}],"collection":[{"href":"http:\/\/co-tango.com\/index.php\/wp-json\/wp\/v2\/pages"}],"about":[{"href":"http:\/\/co-tango.com\/index.php\/wp-json\/wp\/v2\/types\/page"}],"author":[{"embeddable":true,"href":"http:\/\/co-tango.com\/index.php\/wp-json\/wp\/v2\/users\/1"}],"replies":[{"embeddable":true,"href":"http:\/\/co-tango.com\/index.php\/wp-json\/wp\/v2\/comments?post=33"}],"version-history":[{"count":23,"href":"http:\/\/co-tango.com\/index.php\/wp-json\/wp\/v2\/pages\/33\/revisions"}],"predecessor-version":[{"id":453,"href":"http:\/\/co-tango.com\/index.php\/wp-json\/wp\/v2\/pages\/33\/revisions\/453"}],"wp:attachment":[{"href":"http:\/\/co-tango.com\/index.php\/wp-json\/wp\/v2\/media?parent=33"}],"curies":[{"name":"wp","href":"https:\/\/api.w.org\/{rel}","templated":true}]}}