{"id":37,"date":"2023-01-10T12:29:41","date_gmt":"2023-01-10T11:29:41","guid":{"rendered":"http:\/\/co-tango.com\/?page_id=37"},"modified":"2023-09-21T23:14:51","modified_gmt":"2023-09-21T21:14:51","slug":"contact","status":"publish","type":"page","link":"http:\/\/co-tango.com\/index.php\/contact\/","title":{"rendered":"Contact"},"content":{"rendered":"<div class=\"wp-block-image\">\n<figure class=\"alignright size-large is-resized\"><img loading=\"lazy\" decoding=\"async\" src=\"http:\/\/co-tango.com\/wp-content\/uploads\/2023\/09\/Samara2-491x1024.png\" alt=\"\" class=\"wp-image-275\" style=\"width:214px;height:446px\" width=\"214\" height=\"446\" srcset=\"http:\/\/co-tango.com\/wp-content\/uploads\/2023\/09\/Samara2-491x1024.png 491w, http:\/\/co-tango.com\/wp-content\/uploads\/2023\/09\/Samara2-144x300.png 144w, http:\/\/co-tango.com\/wp-content\/uploads\/2023\/09\/Samara2.png 569w\" sizes=\"auto, (max-width: 214px) 100vw, 214px\" \/><\/figure>\n<\/div>\n\n\n<p><br><br><br>Si vous avez des questions concernant  mes formations,  <br>pour me proposer d&rsquo;intervenir dans votre \u00e9v\u00e8nement\/ structure, <br>ou si vous souhaitez prendre des cours particuliers,<br>je vous invite \u00e0 m&rsquo;\u00e9crire \u00e0 cette adresse : <\/p>\n\n\n\n<p class=\"has-text-align-center\"><strong>Samara Hilal<\/strong> <a href=\"mailto:info.cotango@gmail.com\" data-type=\"mailto\" data-id=\"mailto:info.cotango@gmail.com\">info.cotango@gmail.com<\/a><\/p>\n\n\n\n<p class=\"has-text-align-center\">En cas de n\u00e9cessit\u00e9, voici mon num\u00e9ro : 07 69 52 47 61&nbsp;<\/p>\n\n\n\n<p class=\"has-text-align-center\">Pour me suivre sur <a rel=\"noreferrer noopener\" href=\"https:\/\/www.facebook.com\/CoTango.Co\" target=\"_blank\">Facebook<\/a><\/p>\n\n\n\n<p class=\"has-text-align-center\">A bient\u00f4t !<\/p>\n\n\n\n<p><\/p>\n\n\n\n<p><br><br><br><br><br><br><br><\/p>\n","protected":false},"excerpt":{"rendered":"<p>Si vous avez des questions concernant mes formations, pour me proposer d&rsquo;intervenir dans votre \u00e9v\u00e8nement\/ structure, ou si vous souhaitez prendre des cours particuliers,je vous&hellip;<\/p>\n","protected":false},"author":1,"featured_media":0,"parent":0,"menu_order":0,"comment_status":"closed","ping_status":"closed","template":"","meta":{"footnotes":""},"class_list":["post-37","page","type-page","status-publish","hentry"],"_links":{"self":[{"href":"http:\/\/co-tango.com\/index.php\/wp-json\/wp\/v2\/pages\/37","targetHints":{"allow":["GET"]}}],"collection":[{"href":"http:\/\/co-tango.com\/index.php\/wp-json\/wp\/v2\/pages"}],"about":[{"href":"http:\/\/co-tango.com\/index.php\/wp-json\/wp\/v2\/types\/page"}],"author":[{"embeddable":true,"href":"http:\/\/co-tango.com\/index.php\/wp-json\/wp\/v2\/users\/1"}],"replies":[{"embeddable":true,"href":"http:\/\/co-tango.com\/index.php\/wp-json\/wp\/v2\/comments?post=37"}],"version-history":[{"count":12,"href":"http:\/\/co-tango.com\/index.php\/wp-json\/wp\/v2\/pages\/37\/revisions"}],"predecessor-version":[{"id":505,"href":"http:\/\/co-tango.com\/index.php\/wp-json\/wp\/v2\/pages\/37\/revisions\/505"}],"wp:attachment":[{"href":"http:\/\/co-tango.com\/index.php\/wp-json\/wp\/v2\/media?parent=37"}],"curies":[{"name":"wp","href":"https:\/\/api.w.org\/{rel}","templated":true}]}}